{"id":4637,"date":"2021-05-18T15:02:00","date_gmt":"2021-05-18T19:02:11","guid":{"rendered":"https:\/\/global.hydroblok.com\/?post_type=product&#038;p=4637"},"modified":"2024-10-10T22:44:24","modified_gmt":"2024-10-11T02:44:24","slug":"classic-shower-pan-extension-24-x-48","status":"publish","type":"product","link":"https:\/\/global.hydroblok.com\/fr_ca\/product\/classic-shower-pan-extension-24-x-48\/","title":{"rendered":"Rallonge de bac \u00e0 douche classique 24\u2033 x 48\u2033"},"content":{"rendered":"<p>Besoin de rendre cette douche un peu plus grande ? Alors notre gamme d&#039;extensions de douche est ce qu&#039;il vous faut. Commencez par notre extension d&#039;angle qui s&#039;adapte parfaitement \u00e0 n&#039;importe lequel de nos bacs de douche HYDRO-BLOK pour construire sur mesure la douche de vos r\u00eaves. Ajoutez notre HBSP2448EXT \u00e0 l&#039;extension de coin HYDRO-BLOK ou tout simplement seul et vous vous rendrez vite compte \u00e0 quel point il est facile de continuer votre plancher de douche et de maintenir une pente appropri\u00e9e partout. Construit avec la m\u00eame construction de haute qualit\u00e9 et la m\u00eame fiabilit\u00e9 que notre gamme compl\u00e8te de bacs de douche, de panneaux muraux et d&#039;accessoires.<\/p>","protected":false},"excerpt":{"rendered":"<p>Besoin de rendre cette douche un peu plus grande ? Alors notre gamme d&#039;extensions de douche est ce qu&#039;il vous faut. Commencez par notre extension d&#039;angle qui s&#039;adapte parfaitement \u00e0 l&#039;un de nos [\u2026]<\/p>","protected":false},"featured_media":9672,"template":"","meta":[],"product_cat":[51],"product_tag":[],"jetpack_publicize_connections":[],"jetpack_sharing_enabled":true,"jetpack_likes_enabled":true,"_links":{"self":[{"href":"https:\/\/global.hydroblok.com\/fr_ca\/wp-json\/wp\/v3\/product\/4637"}],"collection":[{"href":"https:\/\/global.hydroblok.com\/fr_ca\/wp-json\/wp\/v3\/product"}],"about":[{"href":"https:\/\/global.hydroblok.com\/fr_ca\/wp-json\/wp\/v2\/types\/product"}],"wp:featuredmedia":[{"embeddable":true,"href":"https:\/\/global.hydroblok.com\/fr_ca\/wp-json\/wp\/v2\/media\/9672"}],"wp:attachment":[{"href":"https:\/\/global.hydroblok.com\/fr_ca\/wp-json\/wp\/v2\/media?parent=4637"}],"wp:term":[{"taxonomy":"product_cat","embeddable":true,"href":"https:\/\/global.hydroblok.com\/fr_ca\/wp-json\/wp\/v2\/product_cat?post=4637"},{"taxonomy":"product_tag","embeddable":true,"href":"https:\/\/global.hydroblok.com\/fr_ca\/wp-json\/wp\/v2\/product_tag?post=4637"}],"curies":[{"name":"wp","href":"https:\/\/api.w.org\/{rel}","templated":true}]}}