{"id":5421,"date":"2021-09-20T19:10:54","date_gmt":"2021-09-20T23:10:54","guid":{"rendered":"https:\/\/global.hydroblok.com\/?post_type=product&#038;p=5421"},"modified":"2023-03-29T16:02:46","modified_gmt":"2023-03-29T20:02:46","slug":"low-profile-shower-pan-drain-cover-and-tray-matte-black","status":"publish","type":"product","link":"https:\/\/global.hydroblok.com\/fr_ca\/product\/low-profile-shower-pan-drain-cover-and-tray-matte-black\/","title":{"rendered":"Couvercle et plateau de drain de bac de douche \u00e0 profil bas - Noir mat"},"content":{"rendered":"<p>Couvercle de vidange de rechange de haute qualit\u00e9 pour les bacs de douche \u00e0 drain central HYDRO-BLOK \u00e0 profil bas. Disponible en noir mat, chrome poli et bronze huil\u00e9 (le couvercle en nickel bross\u00e9 est inclus avec chaque bac de douche). \u00c9galement disponible pour nos bacs de douche \u00e0 drain central classique.<\/p>","protected":false},"excerpt":{"rendered":"<p>Couvercle de vidange de rechange de haute qualit\u00e9 pour les bacs de douche \u00e0 drain central HYDRO-BLOK \u00e0 profil bas.<\/p>","protected":false},"featured_media":8294,"template":"","meta":[],"product_cat":[57],"product_tag":[],"jetpack_publicize_connections":[],"jetpack_sharing_enabled":true,"jetpack_likes_enabled":true,"_links":{"self":[{"href":"https:\/\/global.hydroblok.com\/fr_ca\/wp-json\/wp\/v3\/product\/5421"}],"collection":[{"href":"https:\/\/global.hydroblok.com\/fr_ca\/wp-json\/wp\/v3\/product"}],"about":[{"href":"https:\/\/global.hydroblok.com\/fr_ca\/wp-json\/wp\/v2\/types\/product"}],"wp:featuredmedia":[{"embeddable":true,"href":"https:\/\/global.hydroblok.com\/fr_ca\/wp-json\/wp\/v2\/media\/8294"}],"wp:attachment":[{"href":"https:\/\/global.hydroblok.com\/fr_ca\/wp-json\/wp\/v2\/media?parent=5421"}],"wp:term":[{"taxonomy":"product_cat","embeddable":true,"href":"https:\/\/global.hydroblok.com\/fr_ca\/wp-json\/wp\/v2\/product_cat?post=5421"},{"taxonomy":"product_tag","embeddable":true,"href":"https:\/\/global.hydroblok.com\/fr_ca\/wp-json\/wp\/v2\/product_tag?post=5421"}],"curies":[{"name":"wp","href":"https:\/\/api.w.org\/{rel}","templated":true}]}}