{"id":6310,"date":"2022-02-04T11:09:22","date_gmt":"2022-02-04T16:09:22","guid":{"rendered":"https:\/\/global.hydroblok.com\/?post_type=product&#038;p=6310"},"modified":"2024-10-23T03:16:07","modified_gmt":"2024-10-23T07:16:07","slug":"60-x-60-classic-center-drain-shower-pans","status":"publish","type":"product","link":"https:\/\/global.hydroblok.com\/fr_ca\/product\/60-x-60-classic-center-drain-shower-pans\/","title":{"rendered":"Bacs de douche \u00e0 drain central classique de 60\u2033 x 60\u2033"},"content":{"rendered":"<h2>Bacs de douche \u00e0 drain central classique de 60\u2033 x 60\u2033<\/h2>\n<p>Tous les receveurs de douche HYDRO-BLOK pr\u00e9sentent une construction de haute qualit\u00e9 avec un noyau en mousse XPS imperm\u00e9able 100%, recouvert d&#039;un treillis en fibre de verre pour plus de r\u00e9sistance, puis recouvert d&#039;une surface de ciment modifi\u00e9e pour la pose de votre choix de carreaux, de pierre, de verre ou de mosa\u00efque. Assurez-vous de vous procurer notre scellant \u00e0 joint HYDRO-BLOK pour le collage de tous les joints et joints. Ajoutez l&#039;un de nos accessoires personnalis\u00e9s pour apporter une touche personnelle suppl\u00e9mentaire \u00e0 votre douche.<\/p>\n<p>Pour les carreaux de taille 2&quot; x 2&quot; ou moins, nous vous recommandons d&#039;utiliser un coulis \u00e0 compression plus \u00e9lev\u00e9e comme l&#039;\u00e9poxy ou l&#039;ur\u00e9thane pour une r\u00e9sistance suppl\u00e9mentaire.<\/p>\n<p>Tous les bacs de douche HYDRO-BLOK incluent tout le mat\u00e9riel dont vous avez besoin pour l&#039;installation;<br \/>\n\u2013 Bac de douche \u00e0 pente simple<br \/>\n\u2013 Ruban maill\u00e9 2\u2033<br \/>\n\u2013 Couteaux \u00e0 mastic droits et d&#039;angle<br \/>\n- Instructions d&#039;installation compl\u00e8tes<\/p>\n<h2><strong>Disponible <\/strong>Bacs de douche \u00e0 drain central classique\u00a0<strong>Tailles\u00a0:<\/strong><\/h2>\n<ul>\n<li><a href=\"https:\/\/global.hydroblok.com\/fr_ca\/product\/36-x-36-classic-center-drain-shower-pans\/\">36&quot; x 36&quot;<\/a><\/li>\n<li><a href=\"https:\/\/global.hydroblok.com\/fr_ca\/product\/36-x-48-classic-center-drain-shower-pans\/\">36&quot; x 48&quot;<\/a><\/li>\n<li><a href=\"https:\/\/global.hydroblok.com\/fr_ca\/product\/36-x-60-classic-center-drain-shower-pans\/\">36&quot; x 60&quot;<\/a><\/li>\n<li><a href=\"https:\/\/global.hydroblok.com\/fr_ca\/product\/36-x-72-classic-center-drain-shower-pans\/\">36&quot; x 72&quot;<\/a><\/li>\n<li><a href=\"https:\/\/global.hydroblok.com\/fr_ca\/product\/36-x-72-off-set-drain-classic-center-drain-shower-pans\/\">36&quot; x 72&quot; Vidange d\u00e9port\u00e9e<\/a><\/li>\n<li><a href=\"https:\/\/global.hydroblok.com\/fr_ca\/product\/48-x-48-classic-center-drain-shower-pans\/\">48&quot; x 48&quot;<\/a><\/li>\n<li><a href=\"https:\/\/global.hydroblok.com\/fr_ca\/product\/48-x-60-classic-center-drain-shower-pans\/\">48&quot; x 60&quot;<\/a><\/li>\n<li><a href=\"https:\/\/global.hydroblok.com\/fr_ca\/product\/48-x-72-classic-center-drain-shower-pans\/\">48&quot; x 72&quot;<\/a><\/li>\n<li><a href=\"https:\/\/global.hydroblok.com\/fr_ca\/product\/48-x-84-classic-center-drain-shower-pans\/\">48&quot; x 84&quot;<\/a><\/li>\n<li><a href=\"https:\/\/global.hydroblok.com\/fr_ca\/product\/60-x-60-classic-center-drain-shower-pans\/\">60&quot; x 60&quot;<\/a><\/li>\n<li><a href=\"https:\/\/global.hydroblok.com\/fr_ca\/product\/60-x-72-classic-center-drain-shower-pans\/\">60&quot; x 72&quot;<\/a><\/li>\n<li><a href=\"https:\/\/global.hydroblok.com\/fr_ca\/product\/60-x-84-classic-center-drain-shower-pans\/\">60&quot; x 84&quot;<\/a><\/li>\n<li><a href=\"https:\/\/global.hydroblok.com\/fr_ca\/product\/72-x-72-classic-center-drain-shower-pans\/\">72&quot; x 72&quot;<\/a><\/li>\n<\/ul>","protected":false},"excerpt":{"rendered":"<p>60 \u2033 x 60 \u2033 Receveurs de douche \u00e0 drain central classique Tous les receveurs de douche HYDRO-BLOK pr\u00e9sentent une construction de haute qualit\u00e9 avec un noyau en mousse XPS imperm\u00e9able 100%, recouvert d&#039;un treillis en fibre de verre pour plus de r\u00e9sistance, [\u2026]<\/p>","protected":false},"featured_media":9823,"template":"","meta":[],"product_cat":[50],"product_tag":[],"jetpack_publicize_connections":[],"jetpack_sharing_enabled":true,"jetpack_likes_enabled":true,"_links":{"self":[{"href":"https:\/\/global.hydroblok.com\/fr_ca\/wp-json\/wp\/v3\/product\/6310"}],"collection":[{"href":"https:\/\/global.hydroblok.com\/fr_ca\/wp-json\/wp\/v3\/product"}],"about":[{"href":"https:\/\/global.hydroblok.com\/fr_ca\/wp-json\/wp\/v2\/types\/product"}],"wp:featuredmedia":[{"embeddable":true,"href":"https:\/\/global.hydroblok.com\/fr_ca\/wp-json\/wp\/v2\/media\/9823"}],"wp:attachment":[{"href":"https:\/\/global.hydroblok.com\/fr_ca\/wp-json\/wp\/v2\/media?parent=6310"}],"wp:term":[{"taxonomy":"product_cat","embeddable":true,"href":"https:\/\/global.hydroblok.com\/fr_ca\/wp-json\/wp\/v2\/product_cat?post=6310"},{"taxonomy":"product_tag","embeddable":true,"href":"https:\/\/global.hydroblok.com\/fr_ca\/wp-json\/wp\/v2\/product_tag?post=6310"}],"curies":[{"name":"wp","href":"https:\/\/api.w.org\/{rel}","templated":true}]}}