{"id":6347,"date":"2022-02-04T17:39:36","date_gmt":"2022-02-04T22:39:36","guid":{"rendered":"https:\/\/global.hydroblok.com\/?post_type=product&#038;p=6347"},"modified":"2024-10-24T21:52:23","modified_gmt":"2024-10-25T01:52:23","slug":"72-x-72-low-profile-centre-drain-shower-pans","status":"publish","type":"product","link":"https:\/\/global.hydroblok.com\/fr_ca\/product\/72-x-72-low-profile-centre-drain-shower-pans\/","title":{"rendered":"Bacs de douche \u00e0 drain central \u00e0 profil bas de 72 po x 72 po"},"content":{"rendered":"<p>&nbsp;<\/p>\n<h2>Bacs de douche \u00e0 drain central \u00e0 profil bas de 72 po x 72 po<\/h2>\n<p>Les NOUVEAUX bacs de douche \u00e0 profil bas d&#039;HYDRO-BLOK sont l\u00e0\u00a0! Ces casseroles uniques permettent une installation de remplacement de drain central ou de baignoire avec des conceptions affleurantes ou sans bordure.<\/p>\n<p>Les bacs de douche \u00e0 profil bas HYDRO-BLOK sont dot\u00e9s d&#039;un nouveau syst\u00e8me de drainage innovant comprenant :<\/p>\n<ul>\n<li>Le bouchon de construction et le coulis sur le cadre sont r\u00e9glables pour l&#039;\u00e9paisseur des carreaux et lat\u00e9ralement pour la disposition des carreaux.<\/li>\n<li>Le coulis sur le cadre donne une finition propre.<\/li>\n<li>L&#039;emplacement de la grille peut \u00eatre ajust\u00e9 \u00e0 1\/2 pouce dans n&#039;importe quelle direction \u00e0 partir du centre.<\/li>\n<\/ul>\n<p>Tous les receveurs de douche HYDRO-BLOK pr\u00e9sentent une construction de haute qualit\u00e9 avec un noyau en mousse XPS imperm\u00e9able 100%, recouvert d&#039;un treillis en fibre de verre pour plus de r\u00e9sistance, puis recouvert d&#039;une surface de ciment modifi\u00e9e pour la pose de votre choix de carreaux, de pierre, de verre ou de mosa\u00efque.<\/p>\n<p>Tous les bacs de douche HYDRO-BLOK incluent tout le mat\u00e9riel dont vous avez besoin pour l&#039;installation;<\/p>\n<ul>\n<li>Bac de douche \u00e0 profil bas<\/li>\n<li>Ruban \u00e0 mailles 2\u2033<\/li>\n<li>Couteaux \u00e0 mastic droits et d&#039;angle<\/li>\n<li>Prise d&#039;essai d&#039;eau<\/li>\n<li>Mod\u00e8le de panoramique<\/li>\n<li>Instructions d&#039;installation compl\u00e8tes<\/li>\n<\/ul>\n<h2>Tailles de bacs de douche \u00e0 drain central \u00e0 profil bas disponibles\u00a0:<\/h2>\n<ul>\n<li><a href=\"https:\/\/global.hydroblok.com\/fr_ca\/product\/36-x-36-low-profile-centre-drain-shower-pans\/\">36&quot; x 36&quot;<\/a><\/li>\n<li><a href=\"https:\/\/global.hydroblok.com\/fr_ca\/product\/36-x-48-low-profile-centre-drain-shower-pans\/\">36&quot; x 48&quot;<\/a><\/li>\n<li><a href=\"https:\/\/global.hydroblok.com\/fr_ca\/product\/36-x-60-low-profile-centre-drain-shower-pans\/\">36&quot; x 60&quot;<\/a><\/li>\n<li><a href=\"https:\/\/global.hydroblok.com\/fr_ca\/product\/36-x-72-low-profile-centre-drain-shower-pans\/\">36&quot; x 72&quot;<\/a><\/li>\n<li><a href=\"https:\/\/global.hydroblok.com\/fr_ca\/product\/36-x-72-off-set-drain-low-profile-centre-drain-shower-pans\/\">36&quot; x 72&quot; Vidange d\u00e9port\u00e9e<\/a><\/li>\n<li><a href=\"https:\/\/global.hydroblok.com\/fr_ca\/product\/48-x-48-low-profile-centre-drain-shower-pans\/\">48&quot; x 48&quot;<\/a><\/li>\n<li><a href=\"https:\/\/global.hydroblok.com\/fr_ca\/product\/48-x-60-low-profile-centre-drain-shower-pans\/\">48&quot; x 60&quot;<\/a><\/li>\n<li><a href=\"https:\/\/global.hydroblok.com\/fr_ca\/product\/48-x-72-low-profile-centre-drain-shower-pans\/\">48&quot; x 72&quot;<\/a><\/li>\n<li><a href=\"https:\/\/global.hydroblok.com\/fr_ca\/product\/48-x-84-low-profile-centre-drain-shower-pans\/\">48&quot; x 84&quot;<\/a><\/li>\n<li><a href=\"https:\/\/global.hydroblok.com\/fr_ca\/product\/60-x-60-low-profile-centre-drain-shower-pans\/\">60&quot; x 60&quot;<\/a><\/li>\n<li><a href=\"https:\/\/global.hydroblok.com\/fr_ca\/product\/60-x-72-low-profile-centre-drain-shower-pans\/\">60&quot; x 72&quot;<\/a><\/li>\n<li><a href=\"https:\/\/global.hydroblok.com\/fr_ca\/product\/60-x-72-low-profile-centre-drain-shower-pans\/\">60&quot; x 84&quot;<\/a><\/li>\n<li><a href=\"https:\/\/global.hydroblok.com\/fr_ca\/product\/72-x-72-low-profile-centre-drain-shower-pans\/\">72&quot; x 72&quot;<\/a><\/li>\n<\/ul>\n<p>&nbsp;<\/p>","protected":false},"excerpt":{"rendered":"<p>&nbsp; Bacs de douche \u00e0 profil bas de 72 po x 72 po \u00e0 drain central Les NOUVEAUX bacs de douche \u00e0 profil bas d&#039;HYDRO-BLOK sont arriv\u00e9s! Ces casseroles uniques permettent l&#039;installation d&#039;un drain central ou d&#039;un remplacement de baignoire avec chasse d&#039;eau ou [\u2026]<\/p>","protected":false},"featured_media":9892,"template":"","meta":[],"product_cat":[50],"product_tag":[],"jetpack_publicize_connections":[],"jetpack_sharing_enabled":true,"jetpack_likes_enabled":true,"_links":{"self":[{"href":"https:\/\/global.hydroblok.com\/fr_ca\/wp-json\/wp\/v3\/product\/6347"}],"collection":[{"href":"https:\/\/global.hydroblok.com\/fr_ca\/wp-json\/wp\/v3\/product"}],"about":[{"href":"https:\/\/global.hydroblok.com\/fr_ca\/wp-json\/wp\/v2\/types\/product"}],"wp:featuredmedia":[{"embeddable":true,"href":"https:\/\/global.hydroblok.com\/fr_ca\/wp-json\/wp\/v2\/media\/9892"}],"wp:attachment":[{"href":"https:\/\/global.hydroblok.com\/fr_ca\/wp-json\/wp\/v2\/media?parent=6347"}],"wp:term":[{"taxonomy":"product_cat","embeddable":true,"href":"https:\/\/global.hydroblok.com\/fr_ca\/wp-json\/wp\/v2\/product_cat?post=6347"},{"taxonomy":"product_tag","embeddable":true,"href":"https:\/\/global.hydroblok.com\/fr_ca\/wp-json\/wp\/v2\/product_tag?post=6347"}],"curies":[{"name":"wp","href":"https:\/\/api.w.org\/{rel}","templated":true}]}}