{"id":6533,"date":"2022-02-23T23:35:39","date_gmt":"2022-02-24T04:35:39","guid":{"rendered":"https:\/\/global.hydroblok.com\/?post_type=product&#038;p=6533"},"modified":"2024-10-11T23:04:12","modified_gmt":"2024-10-12T03:04:12","slug":"72-x-48-thin-single-slope-shower-pans","status":"publish","type":"product","link":"https:\/\/global.hydroblok.com\/fr_ca\/product\/72-x-48-thin-single-slope-shower-pans\/","title":{"rendered":"72\u2033 x 48\u2033 Receveurs de douche THIN \u00e0 pente unique"},"content":{"rendered":"<h2>72\u2033 x 48\u2033 Receveurs de douche THIN \u00e0 pente unique<\/h2>\n<div class=\"page\" title=\"Page 4\">\n<div class=\"section\">\n<div class=\"layoutArea\">\n<div class=\"column\">\n<p>Les receveurs de douche HYDRO-BLOK Single Slope avec le\u00a0<a href=\"https:\/\/global.hydroblok.com\/fr_ca\/products\/73-5-linear-drain-for-single-slope-shower-pans\/\">Drain lin\u00e9aire Ebbe INNI\u00ae pour HYDRO-BLOK<\/a>\u00a0sont votre solution de douche \u00e0 entr\u00e9e affleurante. La libert\u00e9 d&#039;utiliser n&#039;importe quelle taille de carrelage ou de pierre sur votre bac de douche permet des conceptions uniques et cr\u00e9atives et sans couvercle de drain en m\u00e9tal sur le sol de la douche, votre douche a l&#039;apparence du luxe et de l&#039;\u00e9l\u00e9gance.<\/p>\n<p>Le drain lin\u00e9aire Ebbe INNI\u00ae peut \u00eatre plac\u00e9 n&#039;importe o\u00f9 dans une douche car il est facilement personnalis\u00e9 pour s&#039;adapter \u00e0 n&#039;importe quel espace ou taille de douche pour les installations r\u00e9sidentielles ou commerciales.<\/p>\n<\/div>\n<\/div>\n<\/div>\n<\/div>\n<p>Tous les receveurs de douche HYDRO-BLOK pr\u00e9sentent une construction de haute qualit\u00e9 avec un noyau en mousse XPS imperm\u00e9able 100%, recouvert d&#039;un treillis en fibre de verre pour plus de r\u00e9sistance, puis recouvert d&#039;une surface de ciment modifi\u00e9e pour la pose de votre choix de carreaux, de pierre, de verre ou de mosa\u00efque. Assurez-vous de vous procurer notre scellant \u00e0 joints HYDRO-BLOK pour le collage de tous les joints et joints. Ajoutez l&#039;un de nos accessoires personnalis\u00e9s pour apporter une touche personnelle suppl\u00e9mentaire \u00e0 votre douche.<\/p>\n<p>HYDRO-BLOK\u00a0<strong>MINCE<\/strong>\u00a0Les bacs de douche \u00e0 pente simple offrent une solution de douche \u00e0 entr\u00e9e affleurante avec\u00a0:<\/p>\n<ul>\n<li>travaux limit\u00e9s de reconstruction du sous-plancher n\u00e9cessaires.<\/li>\n<li>aucune restructuration de solive de plancher n\u00e9cessaire.<\/li>\n<li>\u00e9conomies de temps, de co\u00fbts et d&#039;efforts de reconstruction n\u00e9cessaires.<\/li>\n<li>aucun changement sp\u00e9cial d&#039;ing\u00e9nierie et de structure n&#039;est n\u00e9cessaire.<\/li>\n<\/ul>\n<p>Pour les carreaux de taille 2&quot; x 2&quot; ou moins, nous vous recommandons d&#039;utiliser un coulis \u00e0 compression plus \u00e9lev\u00e9e comme l&#039;\u00e9poxy ou l&#039;ur\u00e9thane pour une r\u00e9sistance suppl\u00e9mentaire.<\/p>\n<p>Tous les bacs de douche HYDRO-BLOK incluent tout le mat\u00e9riel dont vous avez besoin pour l&#039;installation;<br \/>\n\u2013 Bac de douche \u00e0 pente simple<br \/>\n\u2013 Ruban maill\u00e9 2\u2033<br \/>\n\u2013 Couteaux \u00e0 mastic droits et d&#039;angle<br \/>\n- Instructions d&#039;installation compl\u00e8tes<\/p>\n<h2>Tailles de receveurs de douche THIN \u00e0 pente unique disponibles\u00a0:<\/h2>\n<ul>\n<li><a href=\"https:\/\/global.hydroblok.com\/fr_ca\/product\/36-x-60-thin-single-slope-shower-pans\/\">36\u2033 x 60\u2033<\/a><\/li>\n<li><a href=\"https:\/\/global.hydroblok.com\/fr_ca\/product\/60-x-36-thin-single-slope-shower-pans\/\">60\u2033 x 36\u2033<\/a><\/li>\n<li><a href=\"https:\/\/global.hydroblok.com\/fr_ca\/product\/48-x-72-thin-single-slope-shower-pans\/\">48\u2033 x 72\u2033<\/a><\/li>\n<li><a href=\"https:\/\/global.hydroblok.com\/fr_ca\/product\/72-x-48-thin-single-slope-shower-pans\/\">72\u2033 x 48\u2033<\/a><\/li>\n<\/ul>\n<p>&nbsp;<\/p>","protected":false},"excerpt":{"rendered":"<p>72\u2033 x 48\u2033 THIN Receveurs de douche \u00e0 pente unique Les receveurs de douche \u00e0 pente unique HYDRO-BLOK ainsi que le drain lin\u00e9aire Ebbe INNI\u00ae pour HYDRO-BLOK sont votre solution de douche \u00e0 entr\u00e9e de chasse. La libert\u00e9 d&#039;utiliser [...]<\/p>","protected":false},"featured_media":9716,"template":"","meta":[],"product_cat":[50],"product_tag":[],"jetpack_publicize_connections":[],"jetpack_sharing_enabled":true,"jetpack_likes_enabled":true,"_links":{"self":[{"href":"https:\/\/global.hydroblok.com\/fr_ca\/wp-json\/wp\/v3\/product\/6533"}],"collection":[{"href":"https:\/\/global.hydroblok.com\/fr_ca\/wp-json\/wp\/v3\/product"}],"about":[{"href":"https:\/\/global.hydroblok.com\/fr_ca\/wp-json\/wp\/v2\/types\/product"}],"wp:featuredmedia":[{"embeddable":true,"href":"https:\/\/global.hydroblok.com\/fr_ca\/wp-json\/wp\/v2\/media\/9716"}],"wp:attachment":[{"href":"https:\/\/global.hydroblok.com\/fr_ca\/wp-json\/wp\/v2\/media?parent=6533"}],"wp:term":[{"taxonomy":"product_cat","embeddable":true,"href":"https:\/\/global.hydroblok.com\/fr_ca\/wp-json\/wp\/v2\/product_cat?post=6533"},{"taxonomy":"product_tag","embeddable":true,"href":"https:\/\/global.hydroblok.com\/fr_ca\/wp-json\/wp\/v2\/product_tag?post=6533"}],"curies":[{"name":"wp","href":"https:\/\/api.w.org\/{rel}","templated":true}]}}