{"id":8444,"date":"2023-04-18T18:04:56","date_gmt":"2023-04-18T22:04:56","guid":{"rendered":"https:\/\/global.hydroblok.com\/?post_type=product&#038;p=8444"},"modified":"2025-01-16T22:13:47","modified_gmt":"2025-01-17T03:13:47","slug":"uncoupling-membrane","status":"publish","type":"product","link":"https:\/\/global.hydroblok.com\/fr_ca\/product\/uncoupling-membrane\/","title":{"rendered":"Membrane de d\u00e9couplage"},"content":{"rendered":"<section class=\"wpb-content-wrapper\"><div class=\"vc_row wpb_row vc_row-fluid\"><div class=\"inner_cont\"><div class=\"wpb_column vc_column_container vc_col-sm-12\"><div class=\"vc_column-inner\"><div class=\"wpb_wrapper\">\r\n\t<div class=\"wpb_text_column wpb_content_element\" >\r\n\t\t<div class=\"wpb_wrapper\">\r\n\t\t\t<p><span style=\"color: #0000ff;\"><em><strong>* Article neuf, demandez la disponibilit\u00e9 \u00e0 votre revendeur.<\/strong><\/em><\/span><\/p>\n<p>Membrane de d\u00e9solidarisation HYDRO-BLOK \u2013 Con\u00e7ue pour l&#039;installation de carreaux de c\u00e9ramique et de pierre. Emp\u00eache les carreaux et le coulis fissur\u00e9s.<\/p>\n<p><strong>Sous-couche multifonction :<\/strong><\/p>\n<p>\u25b8 isolation des fissures<br \/>\n\u25b8 imperm\u00e9abilisation<br \/>\n\u25b8 antifongique<br \/>\n\u25b8 peut \u00eatre utilis\u00e9 sur une vari\u00e9t\u00e9 de surfaces<br \/>\n\u25b8 gagner du temps et de l&#039;argent<\/p>\n<p><strong>R\u00e9duit le risque de carrelage fissur\u00e9 :<\/strong><\/p>\n<p>Les membranes de d\u00e9solidarisation Hydroblok sont con\u00e7ues pour absorber les mouvements, ce qui aide \u00e0 pr\u00e9venir les fissures des carreaux caus\u00e9es par le d\u00e9placement des substrats ou d&#039;autres types de mouvements.<\/p>\n<p><strong>Gain de temps et d&#039;argent :<\/strong><\/p>\n<p>L&#039;utilisation de la membrane de d\u00e9solidarisation HYDRO-BLOK peut aider \u00e0 r\u00e9duire le temps et l&#039;argent n\u00e9cessaires \u00e0 l&#039;installation des carreaux, car ils \u00e9liminent le besoin de tapis ou de chapes de renforcement traditionnels.<\/p>\n<p><strong>Peut \u00eatre utilis\u00e9 sur une vari\u00e9t\u00e9 de supports :<\/strong><\/p>\n<p>Les membranes de d\u00e9couplage HYDRO-BLOK peuvent g\u00e9n\u00e9ralement \u00eatre install\u00e9es sur une gamme de substrats, y compris le b\u00e9ton, le bois et m\u00eame les carreaux existants.<\/p>\n\r\n\t\t<\/div>\r\n\t<\/div>\r\n<\/div><\/div><\/div><\/div><\/div>\n<\/section>","protected":false},"excerpt":{"rendered":"<p>Membrane de d\u00e9solidarisation HYDRO-BLOK \u2013 Con\u00e7ue pour l&#039;installation de carreaux de c\u00e9ramique et de pierre. Emp\u00eache les carreaux et le coulis fissur\u00e9s.<\/p>","protected":false},"featured_media":9922,"template":"","meta":[],"product_cat":[109],"product_tag":[],"jetpack_publicize_connections":[],"jetpack_sharing_enabled":true,"jetpack_likes_enabled":true,"_links":{"self":[{"href":"https:\/\/global.hydroblok.com\/fr_ca\/wp-json\/wp\/v3\/product\/8444"}],"collection":[{"href":"https:\/\/global.hydroblok.com\/fr_ca\/wp-json\/wp\/v3\/product"}],"about":[{"href":"https:\/\/global.hydroblok.com\/fr_ca\/wp-json\/wp\/v2\/types\/product"}],"wp:featuredmedia":[{"embeddable":true,"href":"https:\/\/global.hydroblok.com\/fr_ca\/wp-json\/wp\/v2\/media\/9922"}],"wp:attachment":[{"href":"https:\/\/global.hydroblok.com\/fr_ca\/wp-json\/wp\/v2\/media?parent=8444"}],"wp:term":[{"taxonomy":"product_cat","embeddable":true,"href":"https:\/\/global.hydroblok.com\/fr_ca\/wp-json\/wp\/v2\/product_cat?post=8444"},{"taxonomy":"product_tag","embeddable":true,"href":"https:\/\/global.hydroblok.com\/fr_ca\/wp-json\/wp\/v2\/product_tag?post=8444"}],"curies":[{"name":"wp","href":"https:\/\/api.w.org\/{rel}","templated":true}]}}